{"id":10,"date":"2008-01-10T19:57:05","date_gmt":"2008-01-10T17:57:05","guid":{"rendered":"http:\/\/www.tomelloso.ws\/blog\/contacto\/"},"modified":"2020-02-12T18:38:44","modified_gmt":"2020-02-12T16:38:44","slug":"contacto","status":"publish","type":"page","link":"https:\/\/www.tomelloso.ws\/blog\/contacto\/","title":{"rendered":"Contacto"},"content":{"rendered":"<p>Si est\u00e1 interesado en aparecer como anunciante en el <a title=\"Directorio de Tomelloso. Ciudad Real.\" href=\"https:\/\/www.tomelloso.ws\/\"><strong>Directorio de Tomelloso<\/strong><\/a>, o cualquiera de los servicios que prestamos, puede contactar con nosotros mediante:<\/p>\n<p>E-mail: webmaster[arroba]tomelloso.ws.<\/p>\n<p>Tel\u00e9fonos: +34 600 41 41 16 &#8211; +34 926 50 21 78<\/p>\n<p>Apartado 31<br \/>\nD. Victor Pe\u00f1asco, 128 4A<br \/>\n13700 Tomelloso (Ciudad Real) &#8211; ES<\/p>\n<p><img decoding=\"async\" loading=\"lazy\" src=\"https:\/\/www.tomelloso.ws\/imagenes\/internet-tomelloso.png\" alt=\"Internet Tomelloso. foXman network. logotipo.\" width=\"150\" height=\"50\" longdesc=\"Servicios integrales de Internet en Tomelloso. Registro, alojamiento, dise\u00f1o y mantenimiento de aplicaciones y sitios web.\" \/><br \/>\n<strong>foXman network. Servicios <a href=\"https:\/\/www.foxman.net\" target=\"_blank\" rel=\"noopener noreferrer\">Internet Tomelloso<\/a> desde 1998.<\/strong><br \/>\nServicios de registro de nombres de dominio, alojamiento, servidores dedicados, dise\u00f1o gr\u00e1fico, web y programaci\u00f3n de sitios y aplicaciones online, visitas virtuales, posicionamiento en buscadores, creaci\u00f3n de CD\/CD Card\/DVD multimedia\/USB Stick, servicios fotogr\u00e1ficos profesionales y de video, reclamo publicitario personalizado.<\/p>\n","protected":false},"excerpt":{"rendered":"<p>Si est\u00e1 interesado en aparecer como anunciante en el Directorio de Tomelloso, o cualquiera de los servicios que prestamos, puede contactar con nosotros mediante: E-mail: webmaster[arroba]tomelloso.ws. Tel\u00e9fonos: +34 600 41 41 16 &#8211; +34 926 50 21 78 Apartado 31 D. Victor Pe\u00f1asco, 128 4A 13700 Tomelloso (Ciudad Real) &#8211; ES foXman network. Servicios Internet [&hellip;]<\/p>\n","protected":false},"author":2,"featured_media":0,"parent":0,"menu_order":0,"comment_status":"open","ping_status":"open","template":"","meta":[],"aioseo_notices":[],"_links":{"self":[{"href":"https:\/\/www.tomelloso.ws\/blog\/wp-json\/wp\/v2\/pages\/10"}],"collection":[{"href":"https:\/\/www.tomelloso.ws\/blog\/wp-json\/wp\/v2\/pages"}],"about":[{"href":"https:\/\/www.tomelloso.ws\/blog\/wp-json\/wp\/v2\/types\/page"}],"author":[{"embeddable":true,"href":"https:\/\/www.tomelloso.ws\/blog\/wp-json\/wp\/v2\/users\/2"}],"replies":[{"embeddable":true,"href":"https:\/\/www.tomelloso.ws\/blog\/wp-json\/wp\/v2\/comments?post=10"}],"version-history":[{"count":0,"href":"https:\/\/www.tomelloso.ws\/blog\/wp-json\/wp\/v2\/pages\/10\/revisions"}],"wp:attachment":[{"href":"https:\/\/www.tomelloso.ws\/blog\/wp-json\/wp\/v2\/media?parent=10"}],"curies":[{"name":"wp","href":"https:\/\/api.w.org\/{rel}","templated":true}]}}